{"id":1453,"date":"2020-04-30T11:12:41","date_gmt":"2020-04-30T11:12:41","guid":{"rendered":"https:\/\/inovadent.com.tr\/w\/?page_id=1453"},"modified":"2026-03-23T01:05:05","modified_gmt":"2026-03-22T22:05:05","slug":"iletisim","status":"publish","type":"page","link":"https:\/\/inovadent.com.tr\/w\/iletisim\/","title":{"rendered":"\u0130leti\u015fim"},"content":{"rendered":"\t\t<div data-elementor-type=\"wp-page\" data-elementor-id=\"1453\" class=\"elementor elementor-1453\">\n\t\t\t\t\t\t<section class=\"elementor-section elementor-top-section elementor-element elementor-element-1305493d elementor-section-boxed elementor-section-height-default elementor-section-height-default sc_fly_static\" data-id=\"1305493d\" data-element_type=\"section\" data-e-type=\"section\" data-settings=\"{&quot;background_background&quot;:&quot;classic&quot;}\">\n\t\t\t\t\t\t<div class=\"elementor-container elementor-column-gap-extended\">\n\t\t\t\t\t<div class=\"elementor-column elementor-col-100 elementor-top-column elementor-element elementor-element-3d393499 sc_content_align_inherit sc_layouts_column_icons_position_left sc_fly_static\" data-id=\"3d393499\" data-element_type=\"column\" data-e-type=\"column\">\n\t\t\t<div class=\"elementor-widget-wrap elementor-element-populated\">\n\t\t\t\t\t\t<div class=\"elementor-element elementor-element-28e8373 sc_fly_static elementor-widget elementor-widget-spacer\" data-id=\"28e8373\" data-element_type=\"widget\" data-e-type=\"widget\" data-widget_type=\"spacer.default\">\n\t\t\t\t<div class=\"elementor-widget-container\">\n\t\t\t\t\t\t\t<div class=\"elementor-spacer\">\n\t\t\t<div class=\"elementor-spacer-inner\"><\/div>\n\t\t<\/div>\n\t\t\t\t\t\t<\/div>\n\t\t\t\t<\/div>\n\t\t\t\t\t<\/div>\n\t\t<\/div>\n\t\t\t\t\t<\/div>\n\t\t<\/section>\n\t\t\t\t<section class=\"elementor-section elementor-top-section elementor-element elementor-element-a2e5274 elementor-section-boxed elementor-section-height-default elementor-section-height-default sc_fly_static\" data-id=\"a2e5274\" data-element_type=\"section\" data-e-type=\"section\">\n\t\t\t\t\t\t<div class=\"elementor-container elementor-column-gap-extended\">\n\t\t\t\t\t<div class=\"elementor-column elementor-col-50 elementor-top-column elementor-element elementor-element-7e84858 sc_content_align_inherit sc_layouts_column_icons_position_left sc_fly_static\" data-id=\"7e84858\" data-element_type=\"column\" data-e-type=\"column\">\n\t\t\t<div class=\"elementor-widget-wrap elementor-element-populated\">\n\t\t\t\t\t\t<div class=\"elementor-element elementor-element-6a859fd sc_layouts_hide_on_mobile sc_fly_static elementor-widget elementor-widget-spacer\" data-id=\"6a859fd\" data-element_type=\"widget\" data-e-type=\"widget\" data-widget_type=\"spacer.default\">\n\t\t\t\t<div class=\"elementor-widget-container\">\n\t\t\t\t\t\t\t<div class=\"elementor-spacer\">\n\t\t\t<div class=\"elementor-spacer-inner\"><\/div>\n\t\t<\/div>\n\t\t\t\t\t\t<\/div>\n\t\t\t\t<\/div>\n\t\t\t\t<section class=\"elementor-section elementor-inner-section elementor-element elementor-element-84fa8e5 elementor-section-boxed elementor-section-height-default elementor-section-height-default sc_fly_static\" data-id=\"84fa8e5\" data-element_type=\"section\" data-e-type=\"section\">\n\t\t\t\t\t\t<div class=\"elementor-container elementor-column-gap-extended\">\n\t\t\t\t\t<div class=\"elementor-column elementor-col-100 elementor-inner-column elementor-element elementor-element-bc8be70 sc_content_align_inherit sc_layouts_column_icons_position_left sc_fly_static\" data-id=\"bc8be70\" data-element_type=\"column\" data-e-type=\"column\">\n\t\t\t<div class=\"elementor-widget-wrap elementor-element-populated\">\n\t\t\t\t\t\t<div class=\"elementor-element elementor-element-3006653 sc_fly_static elementor-widget elementor-widget-heading\" data-id=\"3006653\" data-element_type=\"widget\" data-e-type=\"widget\" data-widget_type=\"heading.default\">\n\t\t\t\t<div class=\"elementor-widget-container\">\n\t\t\t\t\t<h6 class=\"elementor-heading-title elementor-size-default\">Bize Ula\u015f\u0131n<\/h6>\t\t\t\t<\/div>\n\t\t\t\t<\/div>\n\t\t\t\t<div class=\"elementor-element elementor-element-1727117 sc_fly_static elementor-widget elementor-widget-spacer\" data-id=\"1727117\" data-element_type=\"widget\" data-e-type=\"widget\" data-widget_type=\"spacer.default\">\n\t\t\t\t<div class=\"elementor-widget-container\">\n\t\t\t\t\t\t\t<div class=\"elementor-spacer\">\n\t\t\t<div class=\"elementor-spacer-inner\"><\/div>\n\t\t<\/div>\n\t\t\t\t\t\t<\/div>\n\t\t\t\t<\/div>\n\t\t\t\t<div class=\"elementor-element elementor-element-4699c3d sc_fly_static elementor-widget elementor-widget-heading\" data-id=\"4699c3d\" data-element_type=\"widget\" data-e-type=\"widget\" data-widget_type=\"heading.default\">\n\t\t\t\t<div class=\"elementor-widget-container\">\n\t\t\t\t\t<h2 class=\"elementor-heading-title elementor-size-default\">Akl\u0131n\u0131za <span class=\"accent1\"> tak\u0131lan<\/span> <br \/>\nbir soru mu var?<\/h2>\t\t\t\t<\/div>\n\t\t\t\t<\/div>\n\t\t\t\t<div class=\"elementor-element elementor-element-c44098e sc_fly_static elementor-widget elementor-widget-trx_sc_googlemap\" data-id=\"c44098e\" data-element_type=\"widget\" data-e-type=\"widget\" data-widget_type=\"trx_sc_googlemap.default\">\n\t\t\t\t<div class=\"elementor-widget-container\">\n\t\t\t\t\t<div id=\"sc_googlemap_736828646_wrap\" class=\"sc_googlemap_wrap\"><div id=\"sc_googlemap_736828646\"\t\t\tclass=\"sc_item_content sc_map sc_googlemap sc_googlemap_default trx_addons_inline_1366150567\"\n\t\t\t \t\t\tdata-zoom=\"12\"\n\t\t\tdata-center=\"51.499,-0.13\"\n\t\t\tdata-style=\"extra\"\n\t\t\tdata-map-id=\"\"\n\t\t\tdata-cluster-icon=\"\"\n\t\t\t><iframe\n\t\t\t\t\t\tsrc=\"https:\/\/maps.google.com\/maps?t=m&output=embed&iwloc=near&z=12&q=Inovadent+Ortodonti+Ata%C5%9Fehir+A%C4%9F%C4%B1z+ve+Di%C5%9F+Sa%C4%9Fl%C4%B1%C4%9F%C4%B1+Poliklini%C4%9Fi%2C+K%C3%BC%C3%A7%C3%BCkbakkalk%C3%B6y%2C+Nartanesi+Sk.+No%3A13%2C+34750+Ata%C5%9Fehir%2F%C4%B0stanbul\"\n\t\t\t\t\t\taria-label=\"\"><\/iframe><\/div><\/div>\t\t\t\t<\/div>\n\t\t\t\t<\/div>\n\t\t\t\t\t<\/div>\n\t\t<\/div>\n\t\t\t\t\t<\/div>\n\t\t<\/section>\n\t\t\t\t\t<\/div>\n\t\t<\/div>\n\t\t\t\t<div class=\"elementor-column elementor-col-50 elementor-top-column elementor-element elementor-element-322cab3 sc_content_align_inherit sc_layouts_column_icons_position_left sc_fly_static\" data-id=\"322cab3\" data-element_type=\"column\" data-e-type=\"column\" data-settings=\"{&quot;background_background&quot;:&quot;classic&quot;}\">\n\t\t\t<div class=\"elementor-widget-wrap elementor-element-populated\">\n\t\t\t\t\t\t<div class=\"elementor-element elementor-element-88ea58f sc_layouts_hide_on_tablet sc_fly_static elementor-widget elementor-widget-spacer\" data-id=\"88ea58f\" data-element_type=\"widget\" data-e-type=\"widget\" data-widget_type=\"spacer.default\">\n\t\t\t\t<div class=\"elementor-widget-container\">\n\t\t\t\t\t\t\t<div class=\"elementor-spacer\">\n\t\t\t<div class=\"elementor-spacer-inner\"><\/div>\n\t\t<\/div>\n\t\t\t\t\t\t<\/div>\n\t\t\t\t<\/div>\n\t\t\t\t<div class=\"elementor-element elementor-element-a9efca8 sc_fly_static elementor-widget elementor-widget-form\" data-id=\"a9efca8\" data-element_type=\"widget\" data-e-type=\"widget\" data-widget_type=\"form.default\">\n\t\t\t\t<div class=\"elementor-widget-container\">\n\t\t\t\t\t \t\t\t\t<\/div>\n\t\t\t\t<\/div>\n\t\t\t\t\t<\/div>\n\t\t<\/div>\n\t\t\t\t\t<\/div>\n\t\t<\/section>\n\t\t\t\t<section class=\"elementor-section elementor-top-section elementor-element elementor-element-22e0a2cc elementor-section-boxed elementor-section-height-default elementor-section-height-default sc_fly_static\" data-id=\"22e0a2cc\" data-element_type=\"section\" data-e-type=\"section\">\n\t\t\t\t\t\t<div class=\"elementor-container elementor-column-gap-extended\">\n\t\t\t\t\t<div class=\"elementor-column elementor-col-100 elementor-top-column elementor-element elementor-element-5096aab3 sc_content_align_inherit sc_layouts_column_icons_position_left sc_fly_static\" data-id=\"5096aab3\" data-element_type=\"column\" data-e-type=\"column\">\n\t\t\t<div class=\"elementor-widget-wrap elementor-element-populated\">\n\t\t\t\t\t\t<div class=\"elementor-element elementor-element-e4fe259 sc_fly_static elementor-widget elementor-widget-spacer\" data-id=\"e4fe259\" data-element_type=\"widget\" data-e-type=\"widget\" data-widget_type=\"spacer.default\">\n\t\t\t\t<div class=\"elementor-widget-container\">\n\t\t\t\t\t\t\t<div class=\"elementor-spacer\">\n\t\t\t<div class=\"elementor-spacer-inner\"><\/div>\n\t\t<\/div>\n\t\t\t\t\t\t<\/div>\n\t\t\t\t<\/div>\n\t\t\t\t\t<\/div>\n\t\t<\/div>\n\t\t\t\t\t<\/div>\n\t\t<\/section>\n\t\t\t\t<section class=\"elementor-section elementor-top-section elementor-element elementor-element-32aba8e4 scheme_light elementor-section-boxed elementor-section-height-default elementor-section-height-default sc_fly_static\" data-id=\"32aba8e4\" data-element_type=\"section\" data-e-type=\"section\" data-settings=\"{&quot;background_background&quot;:&quot;classic&quot;}\">\n\t\t\t\t\t\t<div class=\"elementor-container elementor-column-gap-extended\">\n\t\t\t\t\t<div class=\"elementor-column elementor-col-100 elementor-top-column elementor-element elementor-element-50d1e496 sc_content_align_inherit sc_layouts_column_icons_position_left sc_fly_static\" data-id=\"50d1e496\" data-element_type=\"column\" data-e-type=\"column\">\n\t\t\t<div class=\"elementor-widget-wrap elementor-element-populated\">\n\t\t\t\t\t\t<div class=\"elementor-element elementor-element-2645d75a sc_fly_static elementor-widget elementor-widget-spacer\" data-id=\"2645d75a\" data-element_type=\"widget\" data-e-type=\"widget\" data-widget_type=\"spacer.default\">\n\t\t\t\t<div class=\"elementor-widget-container\">\n\t\t\t\t\t\t\t<div class=\"elementor-spacer\">\n\t\t\t<div class=\"elementor-spacer-inner\"><\/div>\n\t\t<\/div>\n\t\t\t\t\t\t<\/div>\n\t\t\t\t<\/div>\n\t\t\t\t<div class=\"elementor-element elementor-element-e186c4d extra_hover sc_fly_static elementor-widget elementor-widget-trx_sc_icons\" data-id=\"e186c4d\" data-element_type=\"widget\" data-e-type=\"widget\" data-widget_type=\"trx_sc_icons.default\">\n\t\t\t\t<div class=\"elementor-widget-container\">\n\t\t\t\t\t<div \tclass=\"sc_icons sc_icons_divider2 sc_icons_size_small sc_align_center\" ><div class=\"sc_icons_columns_wrap sc_item_columns trx_addons_columns_wrap columns_padding_bottom columns_in_single_row\" ><div class=\"trx_addons_column-1_4 trx_addons_column-1_3-tablet\"><div class=\"sc_icons_item\"><div class=\"sc_icons_icon sc_icon_type_ icon-phone\" ><span class=\"sc_icon_type_ icon-phone\"><\/span><\/div><div class=\"sc_icons_item_details\"><h4 class=\"sc_icons_item_title\"><span>\u0130leti\u015fim Bilgileri<\/span><\/h4><div class=\"sc_icons_item_description\"><span>Telefon : +90 532 414 27 87<\/span><span>Telefon : +90 216 414 27 87<\/span><span>E-Posta : info@inovadent.com.tr<\/span><\/div><\/div><\/div><\/div><div class=\"trx_addons_column-1_4 trx_addons_column-1_3-tablet\"><div class=\"sc_icons_item with_more\"><div class=\"sc_icons_icon sc_icon_type_ icon-location-1\" ><span class=\"sc_icon_type_ icon-location-1\"><\/span><\/div><div class=\"sc_icons_item_details\"><h4 class=\"sc_icons_item_title\"><span>Adres<\/span><\/h4><div class=\"sc_icons_item_description\"><span>K\u00fc\u00e7\u00fckbakkalk\u00f6y Mah. Dereboyu Cd. Nartanesi Sk. No.13 Kat:1 34750 Ata\u015fehir \/ \u0130stanbul<\/span><\/div><\/div><\/div><\/div><div class=\"trx_addons_column-1_4 trx_addons_column-1_3-tablet\"><div class=\"sc_icons_item sc_icons_item_linked with_more\"><div class=\"sc_icons_icon sc_icon_type_ icon-facebook\" ><span class=\"sc_icon_type_ icon-facebook\"><\/span><\/div><div class=\"sc_icons_item_details\"><h4 class=\"sc_icons_item_title\"><a href=\"https:\/\/www.facebook.com\/inovadent\/\" target=\"_blank\">\n                                    Facebook                                    <\/a><\/h4><a href=\"https:\/\/www.facebook.com\/inovadent\/\" class=\"sc_icons_item_more_link\" target=\"_blank\">\n                        <span class=\"link_text\">Facebook<\/span><span class=\"link_icon\"><\/span>\n                        <\/a><a href=\"https:\/\/www.facebook.com\/inovadent\/\"\n                        class=\"sc_icons_item_link\" target=\"_blank\">\n                        <\/a><\/div><\/div><\/div><div class=\"trx_addons_column-1_4 trx_addons_column-1_3-tablet\"><div class=\"sc_icons_item sc_icons_item_linked with_more\"><div class=\"sc_icons_icon sc_icon_type_ icon-instagramm\" ><span class=\"sc_icon_type_ icon-instagramm\"><\/span><\/div><div class=\"sc_icons_item_details\"><h4 class=\"sc_icons_item_title\"><a href=\"https:\/\/www.instagram.com\/inovadentortodonti\/\" target=\"_blank\">\n                                    \u0130nstagram                                    <\/a><\/h4><a href=\"https:\/\/www.instagram.com\/inovadentortodonti\/\" class=\"sc_icons_item_more_link\" target=\"_blank\">\n                        <span class=\"link_text\">\u0130nstagram<\/span><span class=\"link_icon\"><\/span>\n                        <\/a><a href=\"https:\/\/www.instagram.com\/inovadentortodonti\/\"\n                        class=\"sc_icons_item_link\" target=\"_blank\">\n                        <\/a><\/div><\/div><\/div><\/div><\/div><!-- \/.sc_icons -->\t\t\t\t<\/div>\n\t\t\t\t<\/div>\n\t\t\t\t<div class=\"elementor-element elementor-element-1ce0efb sc_fly_static elementor-widget elementor-widget-spacer\" data-id=\"1ce0efb\" data-element_type=\"widget\" data-e-type=\"widget\" data-widget_type=\"spacer.default\">\n\t\t\t\t<div class=\"elementor-widget-container\">\n\t\t\t\t\t\t\t<div class=\"elementor-spacer\">\n\t\t\t<div class=\"elementor-spacer-inner\"><\/div>\n\t\t<\/div>\n\t\t\t\t\t\t<\/div>\n\t\t\t\t<\/div>\n\t\t\t\t<div class=\"elementor-element elementor-element-16b93bb5 sc_height_large sc_fly_static elementor-widget elementor-widget-spacer\" data-id=\"16b93bb5\" data-element_type=\"widget\" data-e-type=\"widget\" data-widget_type=\"spacer.default\">\n\t\t\t\t<div class=\"elementor-widget-container\">\n\t\t\t\t\t\t\t<div class=\"elementor-spacer\">\n\t\t\t<div class=\"elementor-spacer-inner\"><\/div>\n\t\t<\/div>\n\t\t\t\t\t\t<\/div>\n\t\t\t\t<\/div>\n\t\t\t\t\t<\/div>\n\t\t<\/div>\n\t\t\t\t\t<\/div>\n\t\t<\/section>\n\t\t\t\t<\/div>\n\t\t","protected":false},"excerpt":{"rendered":"<p>Bize Ula\u015f\u0131n Akl\u0131n\u0131za tak\u0131lan bir soru mu var? \u0130leti\u015fim Bilgileri Telefon : +90 532 414 27 87Telefon : +90 216 414 27 87E-Posta : info@inovadent.com.tr Adres K\u00fc\u00e7\u00fckbakkalk\u00f6y Mah. Dereboyu Cd.&hellip;<\/p>\n","protected":false},"author":1,"featured_media":0,"parent":0,"menu_order":0,"comment_status":"closed","ping_status":"closed","template":"","meta":{"footnotes":""},"class_list":["post-1453","page","type-page","status-publish","hentry"],"_links":{"self":[{"href":"https:\/\/inovadent.com.tr\/w\/wp-json\/wp\/v2\/pages\/1453","targetHints":{"allow":["GET"]}}],"collection":[{"href":"https:\/\/inovadent.com.tr\/w\/wp-json\/wp\/v2\/pages"}],"about":[{"href":"https:\/\/inovadent.com.tr\/w\/wp-json\/wp\/v2\/types\/page"}],"author":[{"embeddable":true,"href":"https:\/\/inovadent.com.tr\/w\/wp-json\/wp\/v2\/users\/1"}],"replies":[{"embeddable":true,"href":"https:\/\/inovadent.com.tr\/w\/wp-json\/wp\/v2\/comments?post=1453"}],"version-history":[{"count":67,"href":"https:\/\/inovadent.com.tr\/w\/wp-json\/wp\/v2\/pages\/1453\/revisions"}],"predecessor-version":[{"id":23942,"href":"https:\/\/inovadent.com.tr\/w\/wp-json\/wp\/v2\/pages\/1453\/revisions\/23942"}],"wp:attachment":[{"href":"https:\/\/inovadent.com.tr\/w\/wp-json\/wp\/v2\/media?parent=1453"}],"curies":[{"name":"wp","href":"https:\/\/api.w.org\/{rel}","templated":true}]}}